{"id":56,"date":"2026-01-31T19:09:28","date_gmt":"2026-01-31T19:09:28","guid":{"rendered":"https:\/\/elandecoeur.com\/?page_id=56"},"modified":"2026-02-01T10:29:58","modified_gmt":"2026-02-01T10:29:58","slug":"nos-editions","status":"publish","type":"page","link":"https:\/\/elandecoeur.com\/index.php\/nos-editions\/","title":{"rendered":"Nos \u00e9ditions"},"content":{"rendered":"\n<hr class=\"wp-block-separator has-alpha-channel-opacity\"\/>\n\n\n\n<div class=\"wp-block-group alignwide has-global-padding is-layout-constrained wp-block-group-is-layout-constrained\">\n<p>D\u00e9couvrez l&#8217;ensemble des \u00e9ditions d&#8217;Elan de c\u0153ur depuis le d\u00e9but de notre projet en 2020 <\/p>\n<\/div>\n\n\n\n<p><strong>Edition 1<\/strong><\/p>\n\n\n\n<p>Nous avons organis\u00e9 la toute premi\u00e8re \u00e9dition d&#8217;\u00c9lan de C\u0153ur : <strong>La compassion en action.<\/strong><\/p>\n\n\n\n<p>Cette ann\u00e9e-l\u00e0, un petit groupe d&#8217;amis s&#8217;est r\u00e9uni avec un objectif : apporter de l&#8217;espoir l\u00e0 o\u00f9 il \u00e9tait le plus n\u00e9cessaire. Nous avons visit\u00e9 des orphelinats, partag\u00e9 de la nourriture, des v\u00eatements et des kits d&#8217;hygi\u00e8ne, et offert du r\u00e9confort aux enfants qui m\u00e9ritaient amour et attention.<\/p>\n\n\n\n<p>Ce fut un d\u00e9but modeste, mais il a marqu\u00e9 le d\u00e9but de notre aventure, la preuve que m\u00eame le plus petit geste du c\u0153ur peut changer des vies.&nbsp;<\/p>\n\n\n\n<p>&nbsp;La premi\u00e8re \u00e9dition a sem\u00e9 la graine de ce qui est devenu un mouvement de compassion, de dignit\u00e9 et d&#8217;espoir.<\/p>\n\n\n\n<figure class=\"wp-block-gallery has-nested-images columns-default is-cropped wp-block-gallery-1 is-layout-flex wp-block-gallery-is-layout-flex\">\n<figure class=\"wp-block-image size-large\"><img loading=\"lazy\" decoding=\"async\" width=\"1024\" height=\"1022\" data-id=\"29\" src=\"https:\/\/elandecoeur.com\/wp-content\/uploads\/2026\/01\/PHOTO-2025-11-29-14-55-16-1024x1022.jpg\" alt=\"\" class=\"wp-image-29\" srcset=\"https:\/\/elandecoeur.com\/wp-content\/uploads\/2026\/01\/PHOTO-2025-11-29-14-55-16-1024x1022.jpg 1024w, https:\/\/elandecoeur.com\/wp-content\/uploads\/2026\/01\/PHOTO-2025-11-29-14-55-16-300x300.jpg 300w, https:\/\/elandecoeur.com\/wp-content\/uploads\/2026\/01\/PHOTO-2025-11-29-14-55-16-150x150.jpg 150w, https:\/\/elandecoeur.com\/wp-content\/uploads\/2026\/01\/PHOTO-2025-11-29-14-55-16-768x766.jpg 768w, https:\/\/elandecoeur.com\/wp-content\/uploads\/2026\/01\/PHOTO-2025-11-29-14-55-16.jpg 1290w\" sizes=\"auto, (max-width: 1024px) 100vw, 1024px\" \/><\/figure>\n\n\n\n<figure class=\"wp-block-image size-large\"><img loading=\"lazy\" decoding=\"async\" width=\"1024\" height=\"984\" data-id=\"13\" src=\"http:\/\/elandecoeur.com\/wp-content\/uploads\/2025\/11\/PHOTO-2025-11-29-14-12-58-1024x984.jpg\" alt=\"\" class=\"wp-image-13\" srcset=\"https:\/\/elandecoeur.com\/wp-content\/uploads\/2025\/11\/PHOTO-2025-11-29-14-12-58-1024x984.jpg 1024w, https:\/\/elandecoeur.com\/wp-content\/uploads\/2025\/11\/PHOTO-2025-11-29-14-12-58-300x288.jpg 300w, https:\/\/elandecoeur.com\/wp-content\/uploads\/2025\/11\/PHOTO-2025-11-29-14-12-58-768x738.jpg 768w, https:\/\/elandecoeur.com\/wp-content\/uploads\/2025\/11\/PHOTO-2025-11-29-14-12-58.jpg 1280w\" sizes=\"auto, (max-width: 1024px) 100vw, 1024px\" \/><\/figure>\n\n\n\n<figure class=\"wp-block-image size-large\"><img loading=\"lazy\" decoding=\"async\" width=\"768\" height=\"1024\" data-id=\"99\" src=\"https:\/\/elandecoeur.com\/wp-content\/uploads\/2026\/01\/PHOTO-2025-11-29-14-54-20-1-768x1024.jpg\" alt=\"\" class=\"wp-image-99\" srcset=\"https:\/\/elandecoeur.com\/wp-content\/uploads\/2026\/01\/PHOTO-2025-11-29-14-54-20-1-768x1024.jpg 768w, https:\/\/elandecoeur.com\/wp-content\/uploads\/2026\/01\/PHOTO-2025-11-29-14-54-20-1-225x300.jpg 225w, https:\/\/elandecoeur.com\/wp-content\/uploads\/2026\/01\/PHOTO-2025-11-29-14-54-20-1-1152x1536.jpg 1152w, https:\/\/elandecoeur.com\/wp-content\/uploads\/2026\/01\/PHOTO-2025-11-29-14-54-20-1.jpg 1200w\" sizes=\"auto, (max-width: 768px) 100vw, 768px\" \/><\/figure>\n<\/figure>\n\n\n\n<p><strong>Edition 2<\/strong><\/p>\n\n\n\n<p>La deuxi\u00e8me \u00e9dition de notre initiative \u00ab \u00c9lan de C\u0153ur \u00bb visait \u00e0 <strong>promouvoir l&#8217;acc\u00e8s \u00e0 l&#8217;\u00e9ducation et le bien-\u00eatre g\u00e9n\u00e9ral des enfants de l&#8217;orphelinat<\/strong>. Cette \u00e9dition s&#8217;est concentr\u00e9e principalement sur le soutien scolaire, afin de garantir \u00e0 chaque enfant la possibilit\u00e9 de poursuivre ses \u00e9tudes sans obstacles financiers.<\/p>\n\n\n\n<p>Gr\u00e2ce aux fonds collect\u00e9s, nous avons pu couvrir les frais de scolarit\u00e9 et fournir les manuels scolaires essentiels, permettant ainsi aux enfants de continuer leurs \u00e9tudes avec dignit\u00e9 et confiance. Outre l&#8217;aide scolaire, nous avons \u00e9galement distribu\u00e9 des kits alimentaires et d&#8217;hygi\u00e8ne pour renforcer les ressources de l&#8217;orphelinat et am\u00e9liorer les conditions de vie quotidiennes des enfants.<\/p>\n\n\n\n<p>Cette initiative a non seulement r\u00e9pondu aux besoins \u00e9ducatifs et mat\u00e9riels imm\u00e9diats, mais elle t\u00e9moigne \u00e9galement de notre engagement constant \u00e0 susciter l&#8217;espoir, \u00e0 offrir des perspectives d&#8217;avenir et \u00e0 favoriser le d\u00e9veloppement \u00e0 long terme des jeunes vuln\u00e9rables.<\/p>\n\n\n\n<figure class=\"wp-block-gallery has-nested-images columns-default is-cropped wp-block-gallery-2 is-layout-flex wp-block-gallery-is-layout-flex\">\n<figure class=\"wp-block-image size-large\"><img loading=\"lazy\" decoding=\"async\" width=\"1024\" height=\"768\" data-id=\"32\" src=\"https:\/\/elandecoeur.com\/wp-content\/uploads\/2026\/01\/PHOTO-2025-11-29-15-06-06-1024x768.jpg\" alt=\"\" class=\"wp-image-32\" srcset=\"https:\/\/elandecoeur.com\/wp-content\/uploads\/2026\/01\/PHOTO-2025-11-29-15-06-06-1024x768.jpg 1024w, https:\/\/elandecoeur.com\/wp-content\/uploads\/2026\/01\/PHOTO-2025-11-29-15-06-06-300x225.jpg 300w, https:\/\/elandecoeur.com\/wp-content\/uploads\/2026\/01\/PHOTO-2025-11-29-15-06-06-768x576.jpg 768w, https:\/\/elandecoeur.com\/wp-content\/uploads\/2026\/01\/PHOTO-2025-11-29-15-06-06-1536x1152.jpg 1536w, https:\/\/elandecoeur.com\/wp-content\/uploads\/2026\/01\/PHOTO-2025-11-29-15-06-06.jpg 1600w\" sizes=\"auto, (max-width: 1024px) 100vw, 1024px\" \/><\/figure>\n\n\n\n<figure class=\"wp-block-image size-full\"><img loading=\"lazy\" decoding=\"async\" width=\"480\" height=\"640\" data-id=\"31\" src=\"http:\/\/elandecoeur.com\/wp-content\/uploads\/2026\/01\/PHOTO-2025-11-29-15-06-34.jpg\" alt=\"\" class=\"wp-image-31\" srcset=\"https:\/\/elandecoeur.com\/wp-content\/uploads\/2026\/01\/PHOTO-2025-11-29-15-06-34.jpg 480w, https:\/\/elandecoeur.com\/wp-content\/uploads\/2026\/01\/PHOTO-2025-11-29-15-06-34-225x300.jpg 225w\" sizes=\"auto, (max-width: 480px) 100vw, 480px\" \/><\/figure>\n\n\n\n<figure class=\"wp-block-image size-large\"><img loading=\"lazy\" decoding=\"async\" width=\"1024\" height=\"768\" data-id=\"83\" src=\"https:\/\/elandecoeur.com\/wp-content\/uploads\/2026\/01\/PHOTO-2025-11-29-15-06-21-1-1024x768.jpg\" alt=\"\" class=\"wp-image-83\" srcset=\"https:\/\/elandecoeur.com\/wp-content\/uploads\/2026\/01\/PHOTO-2025-11-29-15-06-21-1-1024x768.jpg 1024w, https:\/\/elandecoeur.com\/wp-content\/uploads\/2026\/01\/PHOTO-2025-11-29-15-06-21-1-300x225.jpg 300w, https:\/\/elandecoeur.com\/wp-content\/uploads\/2026\/01\/PHOTO-2025-11-29-15-06-21-1-768x576.jpg 768w, https:\/\/elandecoeur.com\/wp-content\/uploads\/2026\/01\/PHOTO-2025-11-29-15-06-21-1-1536x1152.jpg 1536w, https:\/\/elandecoeur.com\/wp-content\/uploads\/2026\/01\/PHOTO-2025-11-29-15-06-21-1.jpg 1600w\" sizes=\"auto, (max-width: 1024px) 100vw, 1024px\" \/><\/figure>\n<\/figure>\n\n\n\n<p><strong>Edition 3<\/strong><\/p>\n\n\n\n<p>La troisi\u00e8me \u00e9dition de l\u2019initiative \u00ab \u00c9lan de C\u0153ur \u00bb a \u00e9t\u00e9 consacr\u00e9e \u00e0 la <strong>c\u00e9l\u00e9bration de No\u00ebl<\/strong> avec les enfants de l\u2019orphelinat \u00ab Nouvelle Destin\u00e9e \u00bb. Se rendre \u00e0 cet orphelinat a exig\u00e9 une d\u00e9termination sans faille, car il est situ\u00e9 dans une zone difficile d\u2019acc\u00e8s. Cependant, l\u2019engagement de notre \u00e9quipe \u00e0 apporter joie et r\u00e9confort aux enfants a r\u00e9compens\u00e9 tous nos efforts.<\/p>\n\n\n\n<p>La visite a \u00e9t\u00e9 ponctu\u00e9e de rires, de gratitude et de moments de partage. Les enfants ont \u00e9t\u00e9 profond\u00e9ment touch\u00e9s par notre pr\u00e9sence et l\u2019esprit de f\u00eate que nous avons partag\u00e9. \u00c0 travers des chants, des jeux et l\u2019\u00e9change de cadeaux, nous avons cr\u00e9\u00e9 une atmosph\u00e8re joyeuse qui a rappel\u00e9 \u00e0 tous le v\u00e9ritable sens de la solidarit\u00e9 et de l\u2019espoir.<\/p>\n\n\n\n<p>Cette \u00e9dition a magnifiquement incarn\u00e9 la mission d\u2019\u00ab \u00c9lan de C\u0153ur \u00bb : \u00e9tendre la compassion par-del\u00e0 les barri\u00e8res et apporter la lumi\u00e8re l\u00e0 o\u00f9 elle est le plus n\u00e9cessaire. Chaque sourire et chaque instant de bonheur ont renforc\u00e9 notre conviction du pouvoir transformateur de la g\u00e9n\u00e9rosit\u00e9 collective.<\/p>\n\n\n\n<figure class=\"wp-block-gallery has-nested-images columns-default is-cropped wp-block-gallery-3 is-layout-flex wp-block-gallery-is-layout-flex\">\n<figure class=\"wp-block-image size-large\"><img loading=\"lazy\" decoding=\"async\" width=\"768\" height=\"1024\" data-id=\"78\" src=\"https:\/\/elandecoeur.com\/wp-content\/uploads\/2026\/01\/PHOTO-2025-11-29-15-08-24-768x1024.jpg\" alt=\"\" class=\"wp-image-78\" srcset=\"https:\/\/elandecoeur.com\/wp-content\/uploads\/2026\/01\/PHOTO-2025-11-29-15-08-24-768x1024.jpg 768w, https:\/\/elandecoeur.com\/wp-content\/uploads\/2026\/01\/PHOTO-2025-11-29-15-08-24-225x300.jpg 225w, https:\/\/elandecoeur.com\/wp-content\/uploads\/2026\/01\/PHOTO-2025-11-29-15-08-24-1152x1536.jpg 1152w, https:\/\/elandecoeur.com\/wp-content\/uploads\/2026\/01\/PHOTO-2025-11-29-15-08-24.jpg 1200w\" sizes=\"auto, (max-width: 768px) 100vw, 768px\" \/><\/figure>\n\n\n\n<figure class=\"wp-block-image size-large\"><img loading=\"lazy\" decoding=\"async\" width=\"768\" height=\"1024\" data-id=\"101\" src=\"https:\/\/elandecoeur.com\/wp-content\/uploads\/2026\/02\/PHOTO-2025-11-29-15-08-53-768x1024.jpg\" alt=\"\" class=\"wp-image-101\" srcset=\"https:\/\/elandecoeur.com\/wp-content\/uploads\/2026\/02\/PHOTO-2025-11-29-15-08-53-768x1024.jpg 768w, https:\/\/elandecoeur.com\/wp-content\/uploads\/2026\/02\/PHOTO-2025-11-29-15-08-53-225x300.jpg 225w, https:\/\/elandecoeur.com\/wp-content\/uploads\/2026\/02\/PHOTO-2025-11-29-15-08-53-1152x1536.jpg 1152w, https:\/\/elandecoeur.com\/wp-content\/uploads\/2026\/02\/PHOTO-2025-11-29-15-08-53.jpg 1200w\" sizes=\"auto, (max-width: 768px) 100vw, 768px\" \/><\/figure>\n\n\n\n<figure class=\"wp-block-image size-large\"><img loading=\"lazy\" decoding=\"async\" width=\"766\" height=\"1024\" data-id=\"102\" src=\"https:\/\/elandecoeur.com\/wp-content\/uploads\/2026\/02\/PHOTO-2025-11-29-15-08-36-766x1024.jpg\" alt=\"\" class=\"wp-image-102\" srcset=\"https:\/\/elandecoeur.com\/wp-content\/uploads\/2026\/02\/PHOTO-2025-11-29-15-08-36-766x1024.jpg 766w, https:\/\/elandecoeur.com\/wp-content\/uploads\/2026\/02\/PHOTO-2025-11-29-15-08-36-225x300.jpg 225w, https:\/\/elandecoeur.com\/wp-content\/uploads\/2026\/02\/PHOTO-2025-11-29-15-08-36-768x1026.jpg 768w, https:\/\/elandecoeur.com\/wp-content\/uploads\/2026\/02\/PHOTO-2025-11-29-15-08-36.jpg 958w\" sizes=\"auto, (max-width: 766px) 100vw, 766px\" \/><\/figure>\n<\/figure>\n\n\n\n<p><strong>Edition 4<\/strong><\/p>\n\n\n\n<p>En 2023, la quatri\u00e8me \u00e9dition d\u2019\u00c9lan de C\u0153ur a donn\u00e9 vie \u00e0 cette conviction \u00e0 l\u2019orphelinat Jireh de Douala, o\u00f9 des vingtaine d\u2019enfants nous ont accueillis avec chaleur, confiance et des sourires radieux.<\/p>\n\n\n\n<p>Gr\u00e2ce \u00e0 la g\u00e9n\u00e9rosit\u00e9 de nos donateurs, nous avons pu <strong>fournir du mat\u00e9riel scolaire, des denr\u00e9es alimentaires, des kits d\u2019hygi\u00e8ne et d\u2019autres ressources essentielles, am\u00e9liorant ainsi directement le quotidien des enfants<\/strong>. Mais au-del\u00e0 de cet impact concret, ce sont les sourires, les rires et la joie partag\u00e9s qui nous ont le plus profond\u00e9ment marqu\u00e9s.<\/p>\n\n\n\n<p>La quatri\u00e8me \u00e9dition nous a rappel\u00e9 que le v\u00e9ritable changement commence par l\u2019empathie \u2013 que m\u00eame le plus simple geste de bont\u00e9 peut redonner espoir et lumi\u00e8re dans la vie d\u2019un enfant.<\/p>\n\n\n\n<figure class=\"wp-block-gallery has-nested-images columns-default is-cropped wp-block-gallery-4 is-layout-flex wp-block-gallery-is-layout-flex\">\n<figure class=\"wp-block-image size-large\"><img loading=\"lazy\" decoding=\"async\" width=\"1024\" height=\"768\" data-id=\"79\" src=\"https:\/\/elandecoeur.com\/wp-content\/uploads\/2026\/01\/IMG_2579-1024x768.jpg\" alt=\"\" class=\"wp-image-79\" srcset=\"https:\/\/elandecoeur.com\/wp-content\/uploads\/2026\/01\/IMG_2579-1024x768.jpg 1024w, https:\/\/elandecoeur.com\/wp-content\/uploads\/2026\/01\/IMG_2579-300x225.jpg 300w, https:\/\/elandecoeur.com\/wp-content\/uploads\/2026\/01\/IMG_2579-768x576.jpg 768w, https:\/\/elandecoeur.com\/wp-content\/uploads\/2026\/01\/IMG_2579-1536x1152.jpg 1536w, https:\/\/elandecoeur.com\/wp-content\/uploads\/2026\/01\/IMG_2579-2048x1536.jpg 2048w\" sizes=\"auto, (max-width: 1024px) 100vw, 1024px\" \/><\/figure>\n\n\n\n<figure class=\"wp-block-image size-large\"><img loading=\"lazy\" decoding=\"async\" width=\"1024\" height=\"984\" data-id=\"13\" src=\"https:\/\/elandecoeur.com\/wp-content\/uploads\/2025\/11\/PHOTO-2025-11-29-14-12-58-1024x984.jpg\" alt=\"\" class=\"wp-image-13\" srcset=\"https:\/\/elandecoeur.com\/wp-content\/uploads\/2025\/11\/PHOTO-2025-11-29-14-12-58-1024x984.jpg 1024w, https:\/\/elandecoeur.com\/wp-content\/uploads\/2025\/11\/PHOTO-2025-11-29-14-12-58-300x288.jpg 300w, https:\/\/elandecoeur.com\/wp-content\/uploads\/2025\/11\/PHOTO-2025-11-29-14-12-58-768x738.jpg 768w, https:\/\/elandecoeur.com\/wp-content\/uploads\/2025\/11\/PHOTO-2025-11-29-14-12-58.jpg 1280w\" sizes=\"auto, (max-width: 1024px) 100vw, 1024px\" \/><\/figure>\n\n\n\n<figure class=\"wp-block-image size-large\"><img loading=\"lazy\" decoding=\"async\" width=\"1024\" height=\"768\" data-id=\"105\" src=\"https:\/\/elandecoeur.com\/wp-content\/uploads\/2026\/02\/854cce85-481f-45f8-96f5-61da1a812b22-1024x768.jpeg\" alt=\"\" class=\"wp-image-105\" srcset=\"https:\/\/elandecoeur.com\/wp-content\/uploads\/2026\/02\/854cce85-481f-45f8-96f5-61da1a812b22-1024x768.jpeg 1024w, https:\/\/elandecoeur.com\/wp-content\/uploads\/2026\/02\/854cce85-481f-45f8-96f5-61da1a812b22-300x225.jpeg 300w, https:\/\/elandecoeur.com\/wp-content\/uploads\/2026\/02\/854cce85-481f-45f8-96f5-61da1a812b22-768x576.jpeg 768w, https:\/\/elandecoeur.com\/wp-content\/uploads\/2026\/02\/854cce85-481f-45f8-96f5-61da1a812b22.jpeg 1280w\" sizes=\"auto, (max-width: 1024px) 100vw, 1024px\" \/><\/figure>\n<\/figure>\n\n\n\n<p><strong>Edition 5<\/strong><\/p>\n\n\n\n<p>L\u2019ann\u00e9e 2024 a marqu\u00e9 une \u00e9tape importante pour \u00c9lan de C\u0153ur : cinq ann\u00e9es de constance au sein de notre mouvement.<\/p>\n\n\n\n<p>Cette \u00e9dition \u00e9tait d\u00e9di\u00e9e au soutien de l\u2019orphelinat Marie de Magdala \u00e0 Douala. Notre mission visait \u00e0 <strong>renforcer les ressources essentielles de l\u2019orphelinat en mati\u00e8re de sant\u00e9, d\u2019hygi\u00e8ne, de nutrition et d\u2019\u00e9ducation<\/strong>, contribuant ainsi \u00e0 garantir de meilleures conditions de vie et d\u2019apprentissage aux enfants.<\/p>\n\n\n\n<p>Au-del\u00e0 de l\u2019aide mat\u00e9rielle, ce qui nous a le plus touch\u00e9s, c\u2019est la joie et la gratitude qui se lisaient sur les visages des enfants. Voir leur bonheur nous a rappel\u00e9 combien chaque effort compte, que m\u00eame le plus petit geste de g\u00e9n\u00e9rosit\u00e9 peut susciter un immense espoir et une grande chaleur humaine.<\/p>\n\n\n\n<p>Cette \u00e9dition incarne magnifiquement l\u2019essence m\u00eame d\u2019\u00c9lan de C\u0153ur : la compassion en action, l\u2019unit\u00e9 dans l\u2019objectif et la conviction in\u00e9branlable qu\u2019ensemble, nous pouvons apporter la lumi\u00e8re \u00e0 ceux qui en ont le plus besoin.<\/p>\n\n\n\n<figure class=\"wp-block-gallery has-nested-images columns-default is-cropped wp-block-gallery-5 is-layout-flex wp-block-gallery-is-layout-flex\">\n<figure class=\"wp-block-image size-large\"><img loading=\"lazy\" decoding=\"async\" width=\"1024\" height=\"768\" data-id=\"80\" src=\"https:\/\/elandecoeur.com\/wp-content\/uploads\/2026\/01\/PHOTO-2025-11-29-15-15-43-1024x768.jpg\" alt=\"\" class=\"wp-image-80\" srcset=\"https:\/\/elandecoeur.com\/wp-content\/uploads\/2026\/01\/PHOTO-2025-11-29-15-15-43-1024x768.jpg 1024w, https:\/\/elandecoeur.com\/wp-content\/uploads\/2026\/01\/PHOTO-2025-11-29-15-15-43-300x225.jpg 300w, https:\/\/elandecoeur.com\/wp-content\/uploads\/2026\/01\/PHOTO-2025-11-29-15-15-43-768x576.jpg 768w, https:\/\/elandecoeur.com\/wp-content\/uploads\/2026\/01\/PHOTO-2025-11-29-15-15-43.jpg 1280w\" sizes=\"auto, (max-width: 1024px) 100vw, 1024px\" \/><\/figure>\n\n\n\n<figure class=\"wp-block-image size-large\"><img loading=\"lazy\" decoding=\"async\" width=\"768\" height=\"1024\" data-id=\"107\" src=\"https:\/\/elandecoeur.com\/wp-content\/uploads\/2026\/02\/c294b229-2d7f-44f6-9538-12dd152d0934-768x1024.jpeg\" alt=\"\" class=\"wp-image-107\" srcset=\"https:\/\/elandecoeur.com\/wp-content\/uploads\/2026\/02\/c294b229-2d7f-44f6-9538-12dd152d0934-768x1024.jpeg 768w, https:\/\/elandecoeur.com\/wp-content\/uploads\/2026\/02\/c294b229-2d7f-44f6-9538-12dd152d0934-225x300.jpeg 225w, https:\/\/elandecoeur.com\/wp-content\/uploads\/2026\/02\/c294b229-2d7f-44f6-9538-12dd152d0934.jpeg 960w\" sizes=\"auto, (max-width: 768px) 100vw, 768px\" \/><\/figure>\n\n\n\n<figure class=\"wp-block-image size-large\"><img loading=\"lazy\" decoding=\"async\" width=\"1024\" height=\"984\" data-id=\"13\" src=\"https:\/\/elandecoeur.com\/wp-content\/uploads\/2025\/11\/PHOTO-2025-11-29-14-12-58-1024x984.jpg\" alt=\"\" class=\"wp-image-13\" srcset=\"https:\/\/elandecoeur.com\/wp-content\/uploads\/2025\/11\/PHOTO-2025-11-29-14-12-58-1024x984.jpg 1024w, https:\/\/elandecoeur.com\/wp-content\/uploads\/2025\/11\/PHOTO-2025-11-29-14-12-58-300x288.jpg 300w, https:\/\/elandecoeur.com\/wp-content\/uploads\/2025\/11\/PHOTO-2025-11-29-14-12-58-768x738.jpg 768w, https:\/\/elandecoeur.com\/wp-content\/uploads\/2025\/11\/PHOTO-2025-11-29-14-12-58.jpg 1280w\" sizes=\"auto, (max-width: 1024px) 100vw, 1024px\" \/><\/figure>\n<\/figure>\n\n\n\n<p><strong>Edition 6<\/strong><\/p>\n\n\n\n<p>\u00c9lan de C\u0153ur 2025 : \u00ab <strong>Une lueur d\u2019espoir pour les m\u00e8res et les nouveau-n\u00e9s<\/strong> \u00bb<\/p>\n\n\n\n<p>En 2025, nous avons apport\u00e9 \u00ab Une lueur d\u2019espoir \u00bb aux m\u00e8res et aux nouveau-n\u00e9s d\u00e9favoris\u00e9s.<\/p>\n\n\n\n<p>Fond\u00e9 par des amis unis par la compassion, \u00c9lan de C\u0153ur se consacre \u00e0 partager espoir, soins et dignit\u00e9 avec les personnes dans le besoin.<\/p>\n\n\n\n<p>Pour cette 6e \u00e9dition, nous avons consacr\u00e9s nos efforts sur les services de n\u00e9onatalogie, de p\u00e9diatrie et maternit\u00e9 de l\u2019H\u00f4pital de district de New-Bell (Douala), en soutenant les m\u00e8res et les b\u00e9b\u00e9s confront\u00e9s quotidiennement \u00e0 des difficult\u00e9s sans soins ad\u00e9quats.<\/p>\n\n\n\n<p>Votre don, sous quelque forme que ce soit, est un acte de compassion. Merci encore \u00e0 vous qui nous accompagnez dans ce projet depuis 2020.<\/p>\n\n\n\n<p>Ensemble, transformons l\u2019empathie en action et l\u2019action en changement.<\/p>\n\n\n\n<figure class=\"wp-block-gallery has-nested-images columns-default is-cropped wp-block-gallery-6 is-layout-flex wp-block-gallery-is-layout-flex\">\n<figure class=\"wp-block-image size-large\"><img loading=\"lazy\" decoding=\"async\" width=\"1024\" height=\"684\" data-id=\"109\" src=\"https:\/\/elandecoeur.com\/wp-content\/uploads\/2026\/02\/H.D.-NEW-BELL-32-1024x684.jpg\" alt=\"\" class=\"wp-image-109\" srcset=\"https:\/\/elandecoeur.com\/wp-content\/uploads\/2026\/02\/H.D.-NEW-BELL-32-1024x684.jpg 1024w, https:\/\/elandecoeur.com\/wp-content\/uploads\/2026\/02\/H.D.-NEW-BELL-32-300x200.jpg 300w, https:\/\/elandecoeur.com\/wp-content\/uploads\/2026\/02\/H.D.-NEW-BELL-32-768x513.jpg 768w, https:\/\/elandecoeur.com\/wp-content\/uploads\/2026\/02\/H.D.-NEW-BELL-32-1536x1025.jpg 1536w, https:\/\/elandecoeur.com\/wp-content\/uploads\/2026\/02\/H.D.-NEW-BELL-32-2048x1367.jpg 2048w\" sizes=\"auto, (max-width: 1024px) 100vw, 1024px\" \/><\/figure>\n\n\n\n<figure class=\"wp-block-image size-large\"><img loading=\"lazy\" decoding=\"async\" width=\"1024\" height=\"684\" data-id=\"111\" src=\"https:\/\/elandecoeur.com\/wp-content\/uploads\/2026\/02\/H.D.-NEW-BELL-55-1024x684.jpg\" alt=\"\" class=\"wp-image-111\" srcset=\"https:\/\/elandecoeur.com\/wp-content\/uploads\/2026\/02\/H.D.-NEW-BELL-55-1024x684.jpg 1024w, https:\/\/elandecoeur.com\/wp-content\/uploads\/2026\/02\/H.D.-NEW-BELL-55-300x200.jpg 300w, https:\/\/elandecoeur.com\/wp-content\/uploads\/2026\/02\/H.D.-NEW-BELL-55-768x513.jpg 768w, https:\/\/elandecoeur.com\/wp-content\/uploads\/2026\/02\/H.D.-NEW-BELL-55-1536x1025.jpg 1536w, https:\/\/elandecoeur.com\/wp-content\/uploads\/2026\/02\/H.D.-NEW-BELL-55-2048x1367.jpg 2048w\" sizes=\"auto, (max-width: 1024px) 100vw, 1024px\" \/><\/figure>\n\n\n\n<figure class=\"wp-block-image size-large\"><img loading=\"lazy\" decoding=\"async\" width=\"1024\" height=\"684\" data-id=\"112\" src=\"https:\/\/elandecoeur.com\/wp-content\/uploads\/2026\/02\/H.D.-NEW-BELL-49-1024x684.jpg\" alt=\"\" class=\"wp-image-112\" srcset=\"https:\/\/elandecoeur.com\/wp-content\/uploads\/2026\/02\/H.D.-NEW-BELL-49-1024x684.jpg 1024w, https:\/\/elandecoeur.com\/wp-content\/uploads\/2026\/02\/H.D.-NEW-BELL-49-300x200.jpg 300w, https:\/\/elandecoeur.com\/wp-content\/uploads\/2026\/02\/H.D.-NEW-BELL-49-768x513.jpg 768w, https:\/\/elandecoeur.com\/wp-content\/uploads\/2026\/02\/H.D.-NEW-BELL-49-1536x1025.jpg 1536w, https:\/\/elandecoeur.com\/wp-content\/uploads\/2026\/02\/H.D.-NEW-BELL-49-2048x1367.jpg 2048w\" sizes=\"auto, (max-width: 1024px) 100vw, 1024px\" \/><\/figure>\n<\/figure>\n","protected":false},"excerpt":{"rendered":"<p>D\u00e9couvrez l&#8217;ensemble des \u00e9ditions d&#8217;Elan de c\u0153ur depuis le d\u00e9but de notre projet en 2020 Edition 1 Nous avons organis\u00e9 la toute premi\u00e8re \u00e9dition d&#8217;\u00c9lan de C\u0153ur : La compassion en action. Cette ann\u00e9e-l\u00e0, un petit groupe d&#8217;amis s&#8217;est r\u00e9uni avec un objectif : apporter de l&#8217;espoir l\u00e0 o\u00f9 il \u00e9tait le plus n\u00e9cessaire. Nous [&hellip;]<\/p>\n","protected":false},"author":1,"featured_media":0,"parent":0,"menu_order":0,"comment_status":"closed","ping_status":"closed","template":"","meta":{"footnotes":""},"class_list":["post-56","page","type-page","status-publish","hentry"],"_links":{"self":[{"href":"https:\/\/elandecoeur.com\/index.php\/wp-json\/wp\/v2\/pages\/56","targetHints":{"allow":["GET"]}}],"collection":[{"href":"https:\/\/elandecoeur.com\/index.php\/wp-json\/wp\/v2\/pages"}],"about":[{"href":"https:\/\/elandecoeur.com\/index.php\/wp-json\/wp\/v2\/types\/page"}],"author":[{"embeddable":true,"href":"https:\/\/elandecoeur.com\/index.php\/wp-json\/wp\/v2\/users\/1"}],"replies":[{"embeddable":true,"href":"https:\/\/elandecoeur.com\/index.php\/wp-json\/wp\/v2\/comments?post=56"}],"version-history":[{"count":10,"href":"https:\/\/elandecoeur.com\/index.php\/wp-json\/wp\/v2\/pages\/56\/revisions"}],"predecessor-version":[{"id":98,"href":"https:\/\/elandecoeur.com\/index.php\/wp-json\/wp\/v2\/pages\/56\/revisions\/98"}],"wp:attachment":[{"href":"https:\/\/elandecoeur.com\/index.php\/wp-json\/wp\/v2\/media?parent=56"}],"curies":[{"name":"wp","href":"https:\/\/api.w.org\/{rel}","templated":true}]}}